{"id":20899,"date":"2026-03-15T19:35:04","date_gmt":"2026-03-15T19:35:04","guid":{"rendered":"https:\/\/quintasmvca.com\/?post_type=product&#038;p=20899"},"modified":"2026-03-15T21:02:40","modified_gmt":"2026-03-15T21:02:40","slug":"dona-cremilde-2023","status":"publish","type":"product","link":"https:\/\/quintasmvca.com\/en\/product\/dona-cremilde-2023\/","title":{"rendered":"Dona Cremilde 2023"},"content":{"rendered":"<table>\n<tbody>\n<tr>\n<td>Year<\/td>\n<td>2023<\/td>\n<\/tr>\n<tr>\n<td>Pa\u00eds<\/td>\n<td>Portugal<\/td>\n<\/tr>\n<tr>\n<td>Region<\/td>\n<td>Douro<\/td>\n<\/tr>\n<tr>\n<td>Classification<\/td>\n<td>Doc Douro<\/td>\n<\/tr>\n<tr>\n<td>Location<\/td>\n<td>Quinta de S\u00e3o Xisto<\/td>\n<\/tr>\n<tr>\n<td>Soil<\/td>\n<td>Shale with low production potential and steep slopes.<\/td>\n<\/tr>\n<tr>\n<td>Grape varieties<\/td>\n<td>Touriga Nacional and Franca predominate, combined with other traditional grape varieties from the region.<\/td>\n<\/tr>\n<tr>\n<td>Clima<\/td>\n<td>O ano vit\u00edcola de 2022\/2023 caracterizou-se por um Inverno quente e chuvoso, que permitiu uma recupera\u00e7\u00e3o parcial das reservas h\u00eddricas dos solos, ap\u00f3s o ano anterior extremamente seco. A Primavera foi muito quente e seca, com destaque para o m\u00eas de Abril, com precipita\u00e7\u00e3o muito abaixo da Normal Climatol\u00f3gica e temperaturas acima da m\u00e9dia. O Ver\u00e3o continuou quente e seco, com temperaturas que ultrapassaram os 44 \u00b0C no Pinh\u00e3o em Agosto, condicionando a matura\u00e7\u00e3o da uva e antecipando a vindima.<\/td>\n<\/tr>\n<tr>\n<td>Enologist<\/td>\n<td>Jorge Coutinho<\/td>\n<\/tr>\n<tr>\n<td>Vinification<\/td>\n<td>The grapes are harvested into 20kg boxes and received at the winery (High Score). Manual sorting and destemming is followed by crushing in a granite press with traditional treading, maceration and alcoholic fermentation between the press and stainless steel vats.<\/td>\n<\/tr>\n<tr>\n<td>Maturation<\/td>\n<td>After fermentation, in granite mills with foot treading and temperature control, maturation takes place over 12 months in a blend of stainless steel vats and French oak barrels.<\/td>\n<\/tr>\n<tr>\n<td>Keep<\/td>\n<td>After bottling, it must age for 2 months in the bottle to be fully enjoyed, with the certainty that it will benefit from maturing in the bottle, keeping all its characteristics intact for at least 10 years.<\/td>\n<\/tr>\n<tr>\n<td>Drinking<\/td>\n<td>Serve at 16\u00b0-18\u00b0, ideal with more intense dishes, meats and cheeses.<\/td>\n<\/tr>\n<tr>\n<td>Tasting Notes<\/td>\n<td>Open color, with an intense ruby hue. The nose is very elegant and fresh, with a predominance of vibrant red fruit. The tannins are present but already well-rounded, suggesting it may improve with time. It is also very elegant on the palate, with freshness and acidity that indicate good aging potential. Persistent finish. It would pair well with a timbale of 'pica no ch\u00e3o'<\/td>\n<\/tr>\n<tr>\n<td>Technical Sheet<\/td>\n<td>14% alcohol, 5,1 g\/dm3 total acidity, 3,90 pH and 82 kcal\/100ml.<\/td>\n<\/tr>\n<tr>\n<td>Winery<\/td>\n<td>Maria Virginia Costa Almeida<\/td>\n<\/tr>\n<\/tbody>\n<\/table>\n<p>&nbsp;<\/p>\n<p>&nbsp;<\/p>","protected":false},"excerpt":{"rendered":"<p>Dedicated to viticulture since the 19th century, the family of Maria Virginia Costa Almeida (MVCA) marks its presence along the upper bank of the River Douro.<\/p>\n<p>Dona Cremilde has it origin in Sao Xisto Vineyards located nearby Ferradora train station in Douro railway Line and results from a special combination of grape varieties, selected by our viticulture, winemaker and family team. Enjoy.<\/p>\n<div class=\"sc_item_button sc_button_wrap\"><a class=\"sc_button sc_button_decoration sc_button_size_normal sc_button_icon_left botaopublico\" href=\"https:\/\/www.publico.pt\/2025\/07\/04\/terroir\/critica\/dona-cremilde-tinto-2022-2138875\" target=\"_blank\" rel=\"noopener\"><span class=\"sc_button_text\"><span class=\"sc_button_title\">Read review in P\u00fablico<\/span><\/span><\/a><\/div>\n<div><\/div>\n<div><\/div>\n<p class=\"translation-block\"><strong>Note on orders<\/strong>: free shipping on orders of 6 or more bottles to mainland Portugal. Estimated delivery within 3 working days.<\/p>","protected":false},"featured_media":20916,"comment_status":"open","ping_status":"closed","template":"","meta":[],"product_brand":[],"product_cat":[191],"product_tag":[],"class_list":{"0":"post-20899","1":"product","2":"type-product","3":"status-publish","4":"has-post-thumbnail","6":"product_cat-vinho","8":"first","9":"instock","10":"sold-individually","11":"shipping-taxable","12":"purchasable","13":"product-type-variable"},"aioseo_notices":[],"_links":{"self":[{"href":"https:\/\/quintasmvca.com\/en\/wp-json\/wp\/v2\/product\/20899","targetHints":{"allow":["GET"]}}],"collection":[{"href":"https:\/\/quintasmvca.com\/en\/wp-json\/wp\/v2\/product"}],"about":[{"href":"https:\/\/quintasmvca.com\/en\/wp-json\/wp\/v2\/types\/product"}],"replies":[{"embeddable":true,"href":"https:\/\/quintasmvca.com\/en\/wp-json\/wp\/v2\/comments?post=20899"}],"wp:featuredmedia":[{"embeddable":true,"href":"https:\/\/quintasmvca.com\/en\/wp-json\/wp\/v2\/media\/20916"}],"wp:attachment":[{"href":"https:\/\/quintasmvca.com\/en\/wp-json\/wp\/v2\/media?parent=20899"}],"wp:term":[{"taxonomy":"product_brand","embeddable":true,"href":"https:\/\/quintasmvca.com\/en\/wp-json\/wp\/v2\/product_brand?post=20899"},{"taxonomy":"product_cat","embeddable":true,"href":"https:\/\/quintasmvca.com\/en\/wp-json\/wp\/v2\/product_cat?post=20899"},{"taxonomy":"product_tag","embeddable":true,"href":"https:\/\/quintasmvca.com\/en\/wp-json\/wp\/v2\/product_tag?post=20899"}],"curies":[{"name":"wp","href":"https:\/\/api.w.org\/{rel}","templated":true}]}}