{"id":20214,"date":"2023-10-24T14:15:54","date_gmt":"2023-10-24T13:15:54","guid":{"rendered":"https:\/\/quintasmvca.com\/?post_type=product&#038;p=20214"},"modified":"2025-09-30T22:01:57","modified_gmt":"2025-09-30T21:01:57","slug":"vinha-maria-virginia-2022","status":"publish","type":"product","link":"https:\/\/quintasmvca.com\/en\/product\/vinha-maria-virginia-2022\/","title":{"rendered":"Vinha Maria Virg\u00ednia 2022"},"content":{"rendered":"<table>\n<tbody>\n<tr>\n<td>Year<\/td>\n<td>2022<\/td>\n<\/tr>\n<tr>\n<td>Pa\u00eds<\/td>\n<td>Portugal<\/td>\n<\/tr>\n<tr>\n<td>Region<\/td>\n<td>Douro<\/td>\n<\/tr>\n<tr>\n<td>Classification<\/td>\n<td>Doc Douro<\/td>\n<\/tr>\n<tr>\n<td>Location<\/td>\n<td>Quinta do Torr\u00e3o<\/td>\n<\/tr>\n<tr>\n<td>Soil<\/td>\n<td>Schist with low productive potential and steep slope.<\/td>\n<\/tr>\n<tr>\n<td>Grape varieties<\/td>\n<td>From a 30+ year old vineyard, mostly Touriga Franca, in a blend with other Douro traditional grape varieties.<\/td>\n<\/tr>\n<tr>\n<td>Viticultural Year<\/td>\n<td>The viticultural year of 2021\/2022 was characterized by a warm and dry winter, followed by an abnormally hot and dry spring and summer. Notable features include the low precipitation throughout most of the vegetative cycle and the high temperatures recorded in May, July, and August, which had a significant impact on the vine and grape ripening.<\/td>\n<\/tr>\n<tr>\n<td>Enologist<\/td>\n<td>Ant\u00f3nio Braga<\/td>\n<\/tr>\n<tr>\n<td>Vinification<\/td>\n<td>Grapes are harvested into 20 kg boxes and received at the Winery. Manual sorting and stalk-removal is followed by mechanical treading, with maceration and alcoholic fermentation in the stainless steel vats.<\/td>\n<\/tr>\n<tr>\n<td>Maturation<\/td>\n<td>After fermentation under temperature control, maturation took place over 12 months, in used French oak barrels.<\/td>\n<\/tr>\n<tr>\n<td>Keep<\/td>\n<td>If stored under ideal conditions (15 to 18\u00b0C; 70% humidity; bottle in a horizontal position), it shows positive evolution for a minimum period of 10 years.<\/td>\n<\/tr>\n<tr>\n<td>Drinking<\/td>\n<td>Serve at 16\u00b0-18\u00b0, ideal with more intense dishes, meats and cheeses.<\/td>\n<\/tr>\n<tr>\n<td>Tasting Notes<\/td>\n<td>Ruby color with red hues, complex aroma with multiple layers, featuring ripe wild fruit, spicy notes from barrel aging, and a balsamic component. Structured on the palate, with integrated acidity and firm tannins. It finishes long and gastronomic.<\/td>\n<\/tr>\n<tr>\n<td>Technical Sheet<\/td>\n<td>14% alcohol, 4,8 g\/L  total acidity, 1 g\/L total sugars e 82 kcal\/100ml.<\/td>\n<\/tr>\n<tr>\n<td>Winery<\/td>\n<td>Maria Virginia Costa Almeida<\/td>\n<\/tr>\n<\/tbody>\n<\/table>\n<p>&nbsp;<\/p>","protected":false},"excerpt":{"rendered":"<p>The MVCA Estates, family-owned since the 19th century, are located in the upper Douro wine region, along the left bank of the Douro River. Among them, next to the Freixo Num\u00e3o rail station, is Quinta do Torr\u00e3o. Here, we have chosen a special plot planted at high altitude to create the Vinha Maria Virg\u00ednia<\/p>\n<div class=\"sc_item_button sc_button_wrap\"><a class=\"sc_button sc_button_decoration sc_button_size_normal sc_button_icon_left botaopublico\" href=\"https:\/\/www.publico.pt\/2025\/07\/04\/terroir\/critica\/vinha-maria-virginia-tinto-2022-2138871\" target=\"_blank\" rel=\"noopener\"><span class=\"sc_button_text\"><span class=\"sc_button_title\">Read review in P\u00fablico<\/span><\/span><\/a><\/div>\n<div><\/div>\n<div><\/div>\n<div class=\"translation-block\"><strong>Note on orders<\/strong>: free shipping on orders of 6 or more bottles to mainland Portugal. Estimated delivery within 3 working days.<\/div>","protected":false},"featured_media":20560,"comment_status":"open","ping_status":"closed","template":"","meta":[],"product_brand":[],"product_cat":[191],"product_tag":[],"class_list":{"0":"post-20214","1":"product","2":"type-product","3":"status-publish","4":"has-post-thumbnail","6":"product_cat-vinho","8":"first","9":"instock","10":"sold-individually","11":"shipping-taxable","12":"purchasable","13":"product-type-variable"},"aioseo_notices":[],"_links":{"self":[{"href":"https:\/\/quintasmvca.com\/en\/wp-json\/wp\/v2\/product\/20214","targetHints":{"allow":["GET"]}}],"collection":[{"href":"https:\/\/quintasmvca.com\/en\/wp-json\/wp\/v2\/product"}],"about":[{"href":"https:\/\/quintasmvca.com\/en\/wp-json\/wp\/v2\/types\/product"}],"replies":[{"embeddable":true,"href":"https:\/\/quintasmvca.com\/en\/wp-json\/wp\/v2\/comments?post=20214"}],"wp:featuredmedia":[{"embeddable":true,"href":"https:\/\/quintasmvca.com\/en\/wp-json\/wp\/v2\/media\/20560"}],"wp:attachment":[{"href":"https:\/\/quintasmvca.com\/en\/wp-json\/wp\/v2\/media?parent=20214"}],"wp:term":[{"taxonomy":"product_brand","embeddable":true,"href":"https:\/\/quintasmvca.com\/en\/wp-json\/wp\/v2\/product_brand?post=20214"},{"taxonomy":"product_cat","embeddable":true,"href":"https:\/\/quintasmvca.com\/en\/wp-json\/wp\/v2\/product_cat?post=20214"},{"taxonomy":"product_tag","embeddable":true,"href":"https:\/\/quintasmvca.com\/en\/wp-json\/wp\/v2\/product_tag?post=20214"}],"curies":[{"name":"wp","href":"https:\/\/api.w.org\/{rel}","templated":true}]}}