{"id":20753,"date":"2024-11-25T15:55:51","date_gmt":"2024-11-25T15:55:51","guid":{"rendered":"https:\/\/quintasmvca.com\/?page_id=20753"},"modified":"2026-05-02T18:35:55","modified_gmt":"2026-05-02T17:35:55","slug":"vinhos","status":"publish","type":"page","link":"https:\/\/quintasmvca.com\/en\/vinhos\/","title":{"rendered":"Wines"},"content":{"rendered":"<div data-elementor-type=\"wp-page\" data-elementor-id=\"20753\" class=\"elementor elementor-20753\">\n\t\t\t\t\t\t<section class=\"elementor-section elementor-top-section elementor-element elementor-element-baa56ef elementor-section-boxed elementor-section-height-default elementor-section-height-default sc_fly_static\" data-id=\"baa56ef\" data-element_type=\"section\">\n\t\t\t\t\t\t<div class=\"elementor-container elementor-column-gap-extended\">\n\t\t\t\t\t<div class=\"elementor-column elementor-col-100 elementor-top-column elementor-element elementor-element-0b49498 sc_content_align_inherit sc_layouts_column_icons_position_left sc_fly_static\" data-id=\"0b49498\" data-element_type=\"column\">\n\t\t\t<div class=\"elementor-widget-wrap elementor-element-populated\">\n\t\t\t\t\t\t<div class=\"elementor-element elementor-element-6fd2430 sc_fly_static elementor-widget elementor-widget-trx_sc_extended_products\" data-id=\"6fd2430\" data-element_type=\"widget\" data-widget_type=\"trx_sc_extended_products.default\">\n\t\t\t\t<div class=\"elementor-widget-container\">\n\t\t\t\t\t<div  \n\tclass=\"sc_extended_products sc_extended_products_default\" ><div class=\"sc_extended_products_content sc_item_content\" ><div class=\"woocommerce columns-3\"><ul class=\"products columns-3-tablet columns-2-mobile products_style_default columns-3\">\n<li class=\"product type-product post-20214 status-publish first instock product_cat-vinho has-post-thumbnail sold-individually shipping-taxable purchasable product-type-variable product_style_default\">\n\t\t\t<div class=\"post_item post_layout_thumbs\"\r\n\t\t\t\t\t>\r\n\t\t\t<div class=\"post_featured hover_shop\">\r\n\t\t\t\t\t\t\t\t<a href=\"https:\/\/quintasmvca.com\/en\/product\/vinha-maria-virginia-2022\/\">\r\n\t\t\t\t<img fetchpriority=\"high\" decoding=\"async\" width=\"1000\" height=\"1000\" src=\"https:\/\/quintasmvca.com\/wp-content\/uploads\/2023\/11\/maria-virginia-2022-1000x1000.webp\" class=\"attachment-woocommerce_thumbnail size-woocommerce_thumbnail\" alt=\"Vinha Maria Virg\u00ednia 2022\" srcset=\"https:\/\/quintasmvca.com\/wp-content\/uploads\/2023\/11\/maria-virginia-2022-1000x1000.webp 1000w, https:\/\/quintasmvca.com\/wp-content\/uploads\/2023\/11\/maria-virginia-2022-300x300.webp 300w, https:\/\/quintasmvca.com\/wp-content\/uploads\/2023\/11\/maria-virginia-2022-1024x1024.webp 1024w, https:\/\/quintasmvca.com\/wp-content\/uploads\/2023\/11\/maria-virginia-2022-150x150.webp 150w, https:\/\/quintasmvca.com\/wp-content\/uploads\/2023\/11\/maria-virginia-2022-768x768.webp 768w, https:\/\/quintasmvca.com\/wp-content\/uploads\/2023\/11\/maria-virginia-2022-12x12.webp 12w, https:\/\/quintasmvca.com\/wp-content\/uploads\/2023\/11\/maria-virginia-2022-370x370.webp 370w, https:\/\/quintasmvca.com\/wp-content\/uploads\/2023\/11\/maria-virginia-2022-120x120.webp 120w, https:\/\/quintasmvca.com\/wp-content\/uploads\/2023\/11\/maria-virginia-2022-840x840.webp 840w, https:\/\/quintasmvca.com\/wp-content\/uploads\/2023\/11\/maria-virginia-2022-410x410.webp 410w, https:\/\/quintasmvca.com\/wp-content\/uploads\/2023\/11\/maria-virginia-2022.webp 1080w\" sizes=\"(max-width: 1000px) 100vw, 1000px\" \/>\t\t\t\t<\/a>\r\n\t\t\t\t\t\t\t\t\t<div class=\"mask\"><\/div>\r\n\t\t\t\t\t\t\t\t\t<div class=\"icons\">\r\n\t\t\t\t\t<a rel=\"nofollow\" href=\"https:\/\/quintasmvca.com\/en\/product\/vinha-maria-virginia-2022\/\" \r\n\t\t\t\t\t\t\t\t\t\t\t\t\t\t\taria-hidden=\"true\" \r\n\t\t\t\t\t\t\t\t\t\t\t\t\t\t\tdata-quantity=\"1\" \r\n\t\t\t\t\t\t\t\t\t\t\t\t\t\t\tdata-product_id=\"20214\"\r\n\t\t\t\t\t\t\t\t\t\t\t\t\t\t\tdata-product_sku=\"virginia2022\"\r\n\t\t\t\t\t\t\t\t\t\t\t\t\t\t\tclass=\"shop_cart icon-shopping-cart button add_to_cart_button product_type_variable product_in_stock\"><span class=\"icon-anim\"><\/span><\/a>\t\t\t\t\t<a href=\"https:\/\/quintasmvca.com\/en\/product\/vinha-maria-virginia-2022\/\" aria-hidden=\"true\" class=\"shop_link\">\r\n\t\t\t\t\t\t<span class=\"icon-anim\"><\/span>\r\n\t\t\t\t\t<\/a>\r\n\t\t\t\t<\/div>\r\n\t\t\t\t\t\t\t<\/div>\r\n\t\t\t<div class=\"post_data\">\r\n\t\t\t\t<div class=\"post_data_inner\">\r\n\t\t\t\t\t<div class=\"post_header entry-header\">\r\n\t\t\t\t\t<h2 class=\"woocommerce-loop-product__title\"><a href=\"https:\/\/quintasmvca.com\/en\/product\/vinha-maria-virginia-2022\/\">Vinha Maria Virg\u00ednia 2022<\/a><\/h2>\t\t\t<\/div>\r\n\t\t\n\t<span class=\"price\"><span class=\"woocommerce-Price-amount amount\" aria-hidden=\"true\"><bdi>35,00&nbsp;<span class=\"woocommerce-Price-currencySymbol\">&euro;<\/span><\/bdi><\/span> <span aria-hidden=\"true\">&ndash;<\/span> <span class=\"woocommerce-Price-amount amount\" aria-hidden=\"true\"><bdi>1050,00&nbsp;<span class=\"woocommerce-Price-currencySymbol\">&euro;<\/span><\/bdi><\/span><span class=\"screen-reader-text\" data-no-translation=\"\" data-trp-gettext=\"\">Price range: 35,00&nbsp;&euro; through 1050,00&nbsp;&euro;<\/span><\/span>\n<div class=\"star-rating\" role=\"img\" aria-label=\"Rated 5.00 out of 5\" data-no-translation-aria-label=\"\"><span style=\"width:100%\" data-no-translation=\"\" data-trp-gettext=\"\">Rated <strong class=\"rating\">5.00<\/strong> out of 5<\/span><\/div><a href=\"https:\/\/quintasmvca.com\/en\/product\/vinha-maria-virginia-2022\/\" aria-describedby=\"woocommerce_loop_add_to_cart_link_describedby_20214\" data-quantity=\"1\" class=\"button product_type_variable add_to_cart_button\" data-product_id=\"20214\" data-product_sku=\"virginia2022\" aria-label=\"Select options for \u201cVinha Maria Virg\u00ednia 2022\u201d\" rel=\"nofollow\" data-no-translation-aria-label=\"\">Buy now<\/a>\t<span id=\"woocommerce_loop_add_to_cart_link_describedby_20214\" class=\"screen-reader-text\">\n\t\tThis product has multiple variants. The options may be chosen on the product page\t<\/span>\n\t\t\t\t<\/div>\r\n\t\t\t<\/div>\r\n\t\t<\/div>\r\n\t\t<\/li>\n<li class=\"product type-product post-20827 status-publish instock product_cat-vinho has-post-thumbnail sold-individually shipping-taxable purchasable product-type-variable product_style_default\">\n\t\t\t<div class=\"post_item post_layout_thumbs\"\r\n\t\t\t\t\t>\r\n\t\t\t<div class=\"post_featured hover_shop\">\r\n\t\t\t\t\t\t\t\t<a href=\"https:\/\/quintasmvca.com\/en\/product\/vale-d-aida-2024\/\">\r\n\t\t\t\t<img decoding=\"async\" width=\"1000\" height=\"1000\" src=\"https:\/\/quintasmvca.com\/wp-content\/uploads\/2024\/11\/vale-dona-aida-2024-1000x1000.webp\" class=\"attachment-woocommerce_thumbnail size-woocommerce_thumbnail\" alt=\"Vale D. Aida 2024\" srcset=\"https:\/\/quintasmvca.com\/wp-content\/uploads\/2024\/11\/vale-dona-aida-2024-1000x1000.webp 1000w, https:\/\/quintasmvca.com\/wp-content\/uploads\/2024\/11\/vale-dona-aida-2024-300x300.webp 300w, https:\/\/quintasmvca.com\/wp-content\/uploads\/2024\/11\/vale-dona-aida-2024-1024x1024.webp 1024w, https:\/\/quintasmvca.com\/wp-content\/uploads\/2024\/11\/vale-dona-aida-2024-150x150.webp 150w, https:\/\/quintasmvca.com\/wp-content\/uploads\/2024\/11\/vale-dona-aida-2024-768x768.webp 768w, https:\/\/quintasmvca.com\/wp-content\/uploads\/2024\/11\/vale-dona-aida-2024-12x12.webp 12w, https:\/\/quintasmvca.com\/wp-content\/uploads\/2024\/11\/vale-dona-aida-2024-370x370.webp 370w, https:\/\/quintasmvca.com\/wp-content\/uploads\/2024\/11\/vale-dona-aida-2024-120x120.webp 120w, https:\/\/quintasmvca.com\/wp-content\/uploads\/2024\/11\/vale-dona-aida-2024-840x840.webp 840w, https:\/\/quintasmvca.com\/wp-content\/uploads\/2024\/11\/vale-dona-aida-2024-410x410.webp 410w, https:\/\/quintasmvca.com\/wp-content\/uploads\/2024\/11\/vale-dona-aida-2024.webp 1080w\" sizes=\"(max-width: 1000px) 100vw, 1000px\" \/>\t\t\t\t<\/a>\r\n\t\t\t\t\t\t\t\t\t<div class=\"mask\"><\/div>\r\n\t\t\t\t\t\t\t\t\t<div class=\"icons\">\r\n\t\t\t\t\t<a rel=\"nofollow\" href=\"https:\/\/quintasmvca.com\/en\/product\/vale-d-aida-2024\/\" \r\n\t\t\t\t\t\t\t\t\t\t\t\t\t\t\taria-hidden=\"true\" \r\n\t\t\t\t\t\t\t\t\t\t\t\t\t\t\tdata-quantity=\"1\" \r\n\t\t\t\t\t\t\t\t\t\t\t\t\t\t\tdata-product_id=\"20827\"\r\n\t\t\t\t\t\t\t\t\t\t\t\t\t\t\tdata-product_sku=\"valedaida2024\"\r\n\t\t\t\t\t\t\t\t\t\t\t\t\t\t\tclass=\"shop_cart icon-shopping-cart button add_to_cart_button product_type_variable product_in_stock\"><span class=\"icon-anim\"><\/span><\/a>\t\t\t\t\t<a href=\"https:\/\/quintasmvca.com\/en\/product\/vale-d-aida-2024\/\" aria-hidden=\"true\" class=\"shop_link\">\r\n\t\t\t\t\t\t<span class=\"icon-anim\"><\/span>\r\n\t\t\t\t\t<\/a>\r\n\t\t\t\t<\/div>\r\n\t\t\t\t\t\t\t<\/div>\r\n\t\t\t<div class=\"post_data\">\r\n\t\t\t\t<div class=\"post_data_inner\">\r\n\t\t\t\t\t<div class=\"post_header entry-header\">\r\n\t\t\t\t\t<h2 class=\"woocommerce-loop-product__title\"><a href=\"https:\/\/quintasmvca.com\/en\/product\/vale-d-aida-2024\/\">Vale D. Aida 2024<\/a><\/h2>\t\t\t<\/div>\r\n\t\t\n\t<span class=\"price\"><span class=\"woocommerce-Price-amount amount\" aria-hidden=\"true\"><bdi>15,00&nbsp;<span class=\"woocommerce-Price-currencySymbol\">&euro;<\/span><\/bdi><\/span> <span aria-hidden=\"true\">&ndash;<\/span> <span class=\"woocommerce-Price-amount amount\" aria-hidden=\"true\"><bdi>450,00&nbsp;<span class=\"woocommerce-Price-currencySymbol\">&euro;<\/span><\/bdi><\/span><span class=\"screen-reader-text\" data-no-translation=\"\" data-trp-gettext=\"\">Price range: 15,00&nbsp;&euro; through 450,00&nbsp;&euro;<\/span><\/span>\n<a href=\"https:\/\/quintasmvca.com\/en\/product\/vale-d-aida-2024\/\" aria-describedby=\"woocommerce_loop_add_to_cart_link_describedby_20827\" data-quantity=\"1\" class=\"button product_type_variable add_to_cart_button\" data-product_id=\"20827\" data-product_sku=\"valedaida2024\" aria-label=\"Select options for \u201cVale D. Aida 2024\u201d\" rel=\"nofollow\" data-no-translation-aria-label=\"\">Buy now<\/a>\t<span id=\"woocommerce_loop_add_to_cart_link_describedby_20827\" class=\"screen-reader-text\">\n\t\tThis product has multiple variants. The options may be chosen on the product page\t<\/span>\n\t\t\t\t<\/div>\r\n\t\t\t<\/div>\r\n\t\t<\/div>\r\n\t\t<\/li>\n<li class=\"product type-product post-20899 status-publish last instock product_cat-vinho has-post-thumbnail sold-individually shipping-taxable purchasable product-type-variable product_style_default\">\n\t\t\t<div class=\"post_item post_layout_thumbs\"\r\n\t\t\t\t\t>\r\n\t\t\t<div class=\"post_featured hover_shop\">\r\n\t\t\t\t\t\t\t\t<a href=\"https:\/\/quintasmvca.com\/en\/product\/dona-cremilde-2023\/\">\r\n\t\t\t\t<img decoding=\"async\" width=\"500\" height=\"500\" src=\"https:\/\/quintasmvca.com\/wp-content\/uploads\/2026\/03\/cremilde_1080x1080_fundo_branco-removebg-preview-1.png\" class=\"attachment-woocommerce_thumbnail size-woocommerce_thumbnail\" alt=\"Dona Cremilde 2023\" srcset=\"https:\/\/quintasmvca.com\/wp-content\/uploads\/2026\/03\/cremilde_1080x1080_fundo_branco-removebg-preview-1.png 500w, https:\/\/quintasmvca.com\/wp-content\/uploads\/2026\/03\/cremilde_1080x1080_fundo_branco-removebg-preview-1-300x300.png 300w, https:\/\/quintasmvca.com\/wp-content\/uploads\/2026\/03\/cremilde_1080x1080_fundo_branco-removebg-preview-1-150x150.png 150w, https:\/\/quintasmvca.com\/wp-content\/uploads\/2026\/03\/cremilde_1080x1080_fundo_branco-removebg-preview-1-12x12.png 12w, https:\/\/quintasmvca.com\/wp-content\/uploads\/2026\/03\/cremilde_1080x1080_fundo_branco-removebg-preview-1-370x370.png 370w, https:\/\/quintasmvca.com\/wp-content\/uploads\/2026\/03\/cremilde_1080x1080_fundo_branco-removebg-preview-1-120x120.png 120w, https:\/\/quintasmvca.com\/wp-content\/uploads\/2026\/03\/cremilde_1080x1080_fundo_branco-removebg-preview-1-410x410.png 410w\" sizes=\"(max-width: 600px) 100vw, 500px\" \/>\t\t\t\t<\/a>\r\n\t\t\t\t\t\t\t\t\t<div class=\"mask\"><\/div>\r\n\t\t\t\t\t\t\t\t\t<div class=\"icons\">\r\n\t\t\t\t\t<a rel=\"nofollow\" href=\"https:\/\/quintasmvca.com\/en\/product\/dona-cremilde-2023\/\" \r\n\t\t\t\t\t\t\t\t\t\t\t\t\t\t\taria-hidden=\"true\" \r\n\t\t\t\t\t\t\t\t\t\t\t\t\t\t\tdata-quantity=\"1\" \r\n\t\t\t\t\t\t\t\t\t\t\t\t\t\t\tdata-product_id=\"20899\"\r\n\t\t\t\t\t\t\t\t\t\t\t\t\t\t\tdata-product_sku=\"cremilde2023\"\r\n\t\t\t\t\t\t\t\t\t\t\t\t\t\t\tclass=\"shop_cart icon-shopping-cart button add_to_cart_button product_type_variable product_in_stock\"><span class=\"icon-anim\"><\/span><\/a>\t\t\t\t\t<a href=\"https:\/\/quintasmvca.com\/en\/product\/dona-cremilde-2023\/\" aria-hidden=\"true\" class=\"shop_link\">\r\n\t\t\t\t\t\t<span class=\"icon-anim\"><\/span>\r\n\t\t\t\t\t<\/a>\r\n\t\t\t\t<\/div>\r\n\t\t\t\t\t\t\t<\/div>\r\n\t\t\t<div class=\"post_data\">\r\n\t\t\t\t<div class=\"post_data_inner\">\r\n\t\t\t\t\t<div class=\"post_header entry-header\">\r\n\t\t\t\t\t<h2 class=\"woocommerce-loop-product__title\"><a href=\"https:\/\/quintasmvca.com\/en\/product\/dona-cremilde-2023\/\">Dona Cremilde 2023<\/a><\/h2>\t\t\t<\/div>\r\n\t\t\n\t<span class=\"price\"><span class=\"woocommerce-Price-amount amount\" aria-hidden=\"true\"><bdi>20,00&nbsp;<span class=\"woocommerce-Price-currencySymbol\">&euro;<\/span><\/bdi><\/span> <span aria-hidden=\"true\">&ndash;<\/span> <span class=\"woocommerce-Price-amount amount\" aria-hidden=\"true\"><bdi>600,00&nbsp;<span class=\"woocommerce-Price-currencySymbol\">&euro;<\/span><\/bdi><\/span><span class=\"screen-reader-text\" data-no-translation=\"\" data-trp-gettext=\"\">Price range: 20,00&nbsp;&euro; through 600,00&nbsp;&euro;<\/span><\/span>\n<a href=\"https:\/\/quintasmvca.com\/en\/product\/dona-cremilde-2023\/\" aria-describedby=\"woocommerce_loop_add_to_cart_link_describedby_20899\" data-quantity=\"1\" class=\"button product_type_variable add_to_cart_button\" data-product_id=\"20899\" data-product_sku=\"cremilde2023\" aria-label=\"Select options for \u201cDona Cremilde 2023\u201d\" rel=\"nofollow\" data-no-translation-aria-label=\"\">Buy now<\/a>\t<span id=\"woocommerce_loop_add_to_cart_link_describedby_20899\" class=\"screen-reader-text\">\n\t\tThis product has multiple variants. The options may be chosen on the product page\t<\/span>\n\t\t\t\t<\/div>\r\n\t\t\t<\/div>\r\n\t\t<\/div>\r\n\t\t<\/li>\n<li class=\"product type-product post-20523 status-publish first outofstock product_cat-vinho has-post-thumbnail sold-individually shipping-taxable purchasable product-type-variable product_style_default\">\n\t\t\t<div class=\"post_item post_layout_thumbs\"\r\n\t\t\t\t\t>\r\n\t\t\t<div class=\"post_featured hover_shop\">\r\n\t\t\t\t\t\t\t\t<a href=\"https:\/\/quintasmvca.com\/en\/product\/dona-cremilde-2022\/\">\r\n\t\t\t\t\t\t\t\t<span class=\"outofstock_label\">Out of stock<\/span>\r\n\t\t\t\t<img loading=\"lazy\" decoding=\"async\" width=\"1000\" height=\"1000\" src=\"https:\/\/quintasmvca.com\/wp-content\/uploads\/2024\/10\/dona-cremilde-2022-1000x1000.webp\" class=\"attachment-woocommerce_thumbnail size-woocommerce_thumbnail\" alt=\"Dona Cremilde 2022\" srcset=\"https:\/\/quintasmvca.com\/wp-content\/uploads\/2024\/10\/dona-cremilde-2022-1000x1000.webp 1000w, https:\/\/quintasmvca.com\/wp-content\/uploads\/2024\/10\/dona-cremilde-2022-300x300.webp 300w, https:\/\/quintasmvca.com\/wp-content\/uploads\/2024\/10\/dona-cremilde-2022-1024x1024.webp 1024w, https:\/\/quintasmvca.com\/wp-content\/uploads\/2024\/10\/dona-cremilde-2022-150x150.webp 150w, https:\/\/quintasmvca.com\/wp-content\/uploads\/2024\/10\/dona-cremilde-2022-768x768.webp 768w, https:\/\/quintasmvca.com\/wp-content\/uploads\/2024\/10\/dona-cremilde-2022-12x12.webp 12w, https:\/\/quintasmvca.com\/wp-content\/uploads\/2024\/10\/dona-cremilde-2022-370x370.webp 370w, https:\/\/quintasmvca.com\/wp-content\/uploads\/2024\/10\/dona-cremilde-2022-120x120.webp 120w, https:\/\/quintasmvca.com\/wp-content\/uploads\/2024\/10\/dona-cremilde-2022-840x840.webp 840w, https:\/\/quintasmvca.com\/wp-content\/uploads\/2024\/10\/dona-cremilde-2022-410x410.webp 410w, https:\/\/quintasmvca.com\/wp-content\/uploads\/2024\/10\/dona-cremilde-2022.webp 1080w\" sizes=\"(max-width: 1000px) 100vw, 1000px\" \/>\t\t\t\t<\/a>\r\n\t\t\t\t\t\t\t\t\t<div class=\"mask\"><\/div>\r\n\t\t\t\t\t\t\t\t\t<div class=\"icons\">\r\n\t\t\t\t\t<a rel=\"nofollow\" href=\"https:\/\/quintasmvca.com\/en\/product\/dona-cremilde-2022\/\" \r\n\t\t\t\t\t\t\t\t\t\t\t\t\t\t\taria-hidden=\"true\" \r\n\t\t\t\t\t\t\t\t\t\t\t\t\t\t\tdata-quantity=\"1\" \r\n\t\t\t\t\t\t\t\t\t\t\t\t\t\t\tdata-product_id=\"20523\"\r\n\t\t\t\t\t\t\t\t\t\t\t\t\t\t\tdata-product_sku=\"cremilde2022\"\r\n\t\t\t\t\t\t\t\t\t\t\t\t\t\t\tclass=\"shop_cart icon-shopping-cart button add_to_cart_button product_type_variable product_out_stock\"><span class=\"icon-anim\"><\/span><\/a>\t\t\t\t\t<a href=\"https:\/\/quintasmvca.com\/en\/product\/dona-cremilde-2022\/\" aria-hidden=\"true\" class=\"shop_link\">\r\n\t\t\t\t\t\t<span class=\"icon-anim\"><\/span>\r\n\t\t\t\t\t<\/a>\r\n\t\t\t\t<\/div>\r\n\t\t\t\t\t\t\t<\/div>\r\n\t\t\t<div class=\"post_data\">\r\n\t\t\t\t<div class=\"post_data_inner\">\r\n\t\t\t\t\t<div class=\"post_header entry-header\">\r\n\t\t\t\t\t<h2 class=\"woocommerce-loop-product__title\"><a href=\"https:\/\/quintasmvca.com\/en\/product\/dona-cremilde-2022\/\">Dona Cremilde 2022<\/a><\/h2>\t\t\t<\/div>\r\n\t\t\n\t<span class=\"price\"><span class=\"woocommerce-Price-amount amount\" aria-hidden=\"true\"><bdi>20,00&nbsp;<span class=\"woocommerce-Price-currencySymbol\">&euro;<\/span><\/bdi><\/span> <span aria-hidden=\"true\">&ndash;<\/span> <span class=\"woocommerce-Price-amount amount\" aria-hidden=\"true\"><bdi>600,00&nbsp;<span class=\"woocommerce-Price-currencySymbol\">&euro;<\/span><\/bdi><\/span><span class=\"screen-reader-text\" data-no-translation=\"\" data-trp-gettext=\"\">Price range: 20,00&nbsp;&euro; through 600,00&nbsp;&euro;<\/span><\/span>\n<a href=\"https:\/\/quintasmvca.com\/en\/product\/dona-cremilde-2022\/\" aria-describedby=\"woocommerce_loop_add_to_cart_link_describedby_20523\" data-quantity=\"1\" class=\"button product_type_variable\" data-product_id=\"20523\" data-product_sku=\"cremilde2022\" aria-label=\"Select options for \u201cDona Cremilde 2022\u201d\" rel=\"nofollow\" data-no-translation=\"\" data-trp-gettext=\"\" data-no-translation-aria-label=\"\">Select options<\/a>\t<span id=\"woocommerce_loop_add_to_cart_link_describedby_20523\" class=\"screen-reader-text\">\n\t\tThis product has multiple variants. The options may be chosen on the product page\t<\/span>\n\t\t\t\t<\/div>\r\n\t\t\t<\/div>\r\n\t\t<\/div>\r\n\t\t<\/li>\n<li class=\"product type-product post-19696 status-publish outofstock product_cat-vinho has-post-thumbnail sold-individually shipping-taxable purchasable product-type-variable product_style_default\">\n\t\t\t<div class=\"post_item post_layout_thumbs\"\r\n\t\t\t\t\t>\r\n\t\t\t<div class=\"post_featured hover_shop\">\r\n\t\t\t\t\t\t\t\t<a href=\"https:\/\/quintasmvca.com\/en\/product\/dona-cremilde-2021\/\">\r\n\t\t\t\t\t\t\t\t<span class=\"outofstock_label\">Out of stock<\/span>\r\n\t\t\t\t<img loading=\"lazy\" decoding=\"async\" width=\"1000\" height=\"1000\" src=\"https:\/\/quintasmvca.com\/wp-content\/uploads\/2023\/08\/dona-cremilde-2021-2-1000x1000.webp\" class=\"attachment-woocommerce_thumbnail size-woocommerce_thumbnail\" alt=\"Vinho Dona Cremilde 2021 - Quintas MVCA\" srcset=\"https:\/\/quintasmvca.com\/wp-content\/uploads\/2023\/08\/dona-cremilde-2021-2-1000x1000.webp 1000w, https:\/\/quintasmvca.com\/wp-content\/uploads\/2023\/08\/dona-cremilde-2021-2-150x150.webp 150w, https:\/\/quintasmvca.com\/wp-content\/uploads\/2023\/08\/dona-cremilde-2021-2-300x300.webp 300w, https:\/\/quintasmvca.com\/wp-content\/uploads\/2023\/08\/dona-cremilde-2021-2-1024x1024.webp 1024w, https:\/\/quintasmvca.com\/wp-content\/uploads\/2023\/08\/dona-cremilde-2021-2-768x768.webp 768w, https:\/\/quintasmvca.com\/wp-content\/uploads\/2023\/08\/dona-cremilde-2021-2-12x12.webp 12w, https:\/\/quintasmvca.com\/wp-content\/uploads\/2023\/08\/dona-cremilde-2021-2-370x370.webp 370w, https:\/\/quintasmvca.com\/wp-content\/uploads\/2023\/08\/dona-cremilde-2021-2-120x120.webp 120w, https:\/\/quintasmvca.com\/wp-content\/uploads\/2023\/08\/dona-cremilde-2021-2-840x840.webp 840w, https:\/\/quintasmvca.com\/wp-content\/uploads\/2023\/08\/dona-cremilde-2021-2-410x410.webp 410w, https:\/\/quintasmvca.com\/wp-content\/uploads\/2023\/08\/dona-cremilde-2021-2.webp 1080w\" sizes=\"(max-width: 1000px) 100vw, 1000px\" \/>\t\t\t\t<\/a>\r\n\t\t\t\t\t\t\t\t\t<div class=\"mask\"><\/div>\r\n\t\t\t\t\t\t\t\t\t<div class=\"icons\">\r\n\t\t\t\t\t<a rel=\"nofollow\" href=\"https:\/\/quintasmvca.com\/en\/product\/dona-cremilde-2021\/\" \r\n\t\t\t\t\t\t\t\t\t\t\t\t\t\t\taria-hidden=\"true\" \r\n\t\t\t\t\t\t\t\t\t\t\t\t\t\t\tdata-quantity=\"1\" \r\n\t\t\t\t\t\t\t\t\t\t\t\t\t\t\tdata-product_id=\"19696\"\r\n\t\t\t\t\t\t\t\t\t\t\t\t\t\t\tdata-product_sku=\"cremilde2021\"\r\n\t\t\t\t\t\t\t\t\t\t\t\t\t\t\tclass=\"shop_cart icon-shopping-cart button add_to_cart_button product_type_variable product_out_stock\"><span class=\"icon-anim\"><\/span><\/a>\t\t\t\t\t<a href=\"https:\/\/quintasmvca.com\/en\/product\/dona-cremilde-2021\/\" aria-hidden=\"true\" class=\"shop_link\">\r\n\t\t\t\t\t\t<span class=\"icon-anim\"><\/span>\r\n\t\t\t\t\t<\/a>\r\n\t\t\t\t<\/div>\r\n\t\t\t\t\t\t\t<\/div>\r\n\t\t\t<div class=\"post_data\">\r\n\t\t\t\t<div class=\"post_data_inner\">\r\n\t\t\t\t\t<div class=\"post_header entry-header\">\r\n\t\t\t\t\t<h2 class=\"woocommerce-loop-product__title\"><a href=\"https:\/\/quintasmvca.com\/en\/product\/dona-cremilde-2021\/\">Dona Cremilde 2021<\/a><\/h2>\t\t\t<\/div>\r\n\t\t\n\t<span class=\"price\"><span class=\"woocommerce-Price-amount amount\" aria-hidden=\"true\"><bdi>20,00&nbsp;<span class=\"woocommerce-Price-currencySymbol\">&euro;<\/span><\/bdi><\/span> <span aria-hidden=\"true\">&ndash;<\/span> <span class=\"woocommerce-Price-amount amount\" aria-hidden=\"true\"><bdi>600,00&nbsp;<span class=\"woocommerce-Price-currencySymbol\">&euro;<\/span><\/bdi><\/span><span class=\"screen-reader-text\" data-no-translation=\"\" data-trp-gettext=\"\">Price range: 20,00&nbsp;&euro; through 600,00&nbsp;&euro;<\/span><\/span>\n<div class=\"star-rating\" role=\"img\" aria-label=\"Rated 5.00 out of 5\" data-no-translation-aria-label=\"\"><span style=\"width:100%\" data-no-translation=\"\" data-trp-gettext=\"\">Rated <strong class=\"rating\">5.00<\/strong> out of 5<\/span><\/div><a href=\"https:\/\/quintasmvca.com\/en\/product\/dona-cremilde-2021\/\" aria-describedby=\"woocommerce_loop_add_to_cart_link_describedby_19696\" data-quantity=\"1\" class=\"button product_type_variable\" data-product_id=\"19696\" data-product_sku=\"cremilde2021\" aria-label=\"Select options for \u201cDona Cremilde 2021\u201d\" rel=\"nofollow\" data-no-translation=\"\" data-trp-gettext=\"\" data-no-translation-aria-label=\"\">Select options<\/a>\t<span id=\"woocommerce_loop_add_to_cart_link_describedby_19696\" class=\"screen-reader-text\">\n\t\tThis product has multiple variants. The options may be chosen on the product page\t<\/span>\n\t\t\t\t<\/div>\r\n\t\t\t<\/div>\r\n\t\t<\/div>\r\n\t\t<\/li>\n<\/ul>\n<\/div><\/div><\/div>\n\t\t\t\t<\/div>\n\t\t\t\t<\/div>\n\t\t\t\t\t<\/div>\n\t\t<\/div>\n\t\t\t\t\t<\/div>\n\t\t<\/section>\n\t\t\t\t<\/div>","protected":false},"excerpt":{"rendered":"<p>Vinha Maria Virg\u00ednia 2022 35,00&nbsp;&euro; &ndash; 1050,00&nbsp;&euro;Price range: 35,00&nbsp;&euro; through 1050,00&nbsp;&euro; Avalia\u00e7\u00e3o 5.00 de 5Buy now This product has multiple variants. The options may be chosen on the product page&hellip;<\/p>","protected":false},"author":2,"featured_media":0,"parent":0,"menu_order":0,"comment_status":"closed","ping_status":"closed","template":"","meta":{"footnotes":""},"class_list":["post-20753","page","type-page","status-publish","hentry"],"aioseo_notices":[],"_links":{"self":[{"href":"https:\/\/quintasmvca.com\/en\/wp-json\/wp\/v2\/pages\/20753","targetHints":{"allow":["GET"]}}],"collection":[{"href":"https:\/\/quintasmvca.com\/en\/wp-json\/wp\/v2\/pages"}],"about":[{"href":"https:\/\/quintasmvca.com\/en\/wp-json\/wp\/v2\/types\/page"}],"author":[{"embeddable":true,"href":"https:\/\/quintasmvca.com\/en\/wp-json\/wp\/v2\/users\/2"}],"replies":[{"embeddable":true,"href":"https:\/\/quintasmvca.com\/en\/wp-json\/wp\/v2\/comments?post=20753"}],"version-history":[{"count":13,"href":"https:\/\/quintasmvca.com\/en\/wp-json\/wp\/v2\/pages\/20753\/revisions"}],"predecessor-version":[{"id":20934,"href":"https:\/\/quintasmvca.com\/en\/wp-json\/wp\/v2\/pages\/20753\/revisions\/20934"}],"wp:attachment":[{"href":"https:\/\/quintasmvca.com\/en\/wp-json\/wp\/v2\/media?parent=20753"}],"curies":[{"name":"wp","href":"https:\/\/api.w.org\/{rel}","templated":true}]}}