{"id":19760,"date":"2023-08-22T12:10:27","date_gmt":"2023-08-22T11:10:27","guid":{"rendered":"https:\/\/quintasmvca.com\/?page_id=19760"},"modified":"2023-10-09T13:21:51","modified_gmt":"2023-10-09T12:21:51","slug":"politica-de-privacidade-e-cookies","status":"publish","type":"page","link":"https:\/\/quintasmvca.com\/en\/politica-de-privacidade-e-cookies\/","title":{"rendered":"Pol\u00edtica de privacidade e cookies"},"content":{"rendered":"<div data-elementor-type=\"wp-page\" data-elementor-id=\"19760\" class=\"elementor elementor-19760\">\n\t\t\t\t\t\t<section class=\"elementor-section elementor-top-section elementor-element elementor-element-599c86b elementor-section-stretched elementor-section-content-middle scheme_light elementor-reverse-tablet elementor-reverse-mobile elementor-section-boxed elementor-section-height-default elementor-section-height-default sc_fly_static\" data-id=\"599c86b\" data-element_type=\"section\" data-settings=\"{&quot;stretch_section&quot;:&quot;section-stretched&quot;,&quot;background_background&quot;:&quot;classic&quot;}\">\n\t\t\t\t\t\t<div class=\"elementor-container elementor-column-gap-extended\">\n\t\t\t\t\t<div class=\"elementor-column elementor-col-100 elementor-top-column elementor-element elementor-element-9294062 sc_content_align_inherit sc_layouts_column_icons_position_left sc_fly_static\" data-id=\"9294062\" data-element_type=\"column\">\n\t\t\t<div class=\"elementor-widget-wrap elementor-element-populated\">\n\t\t\t\t\t\t<div class=\"elementor-element elementor-element-acd4341 sc_fly_static elementor-widget elementor-widget-text-editor\" data-id=\"acd4341\" data-element_type=\"widget\" data-widget_type=\"text-editor.default\">\n\t\t\t\t<div class=\"elementor-widget-container\">\n\t\t\t\t\t\t\t\t\t<p>Por favor, leia atentamente os termos e condi\u00e7\u00f5es que regulam este site no que diz respeito a privacidade e gest\u00e3o de dados pessoais. Se houver algum aspeto que lhe levante d\u00favidas ou alguma sugest\u00e3o que queira fazer n\u00e3o hesite em nos contactar: <a href=\"mailto:info@quintasmvca.com\">info@quintasmvca.com<\/a><\/p><p>Se fizer a utiliza\u00e7\u00e3o do nosso site entendemos isso como ter lido, compreendido e aceitado expressamente os termos e condi\u00e7\u00f5es porque nos regulamos e que est\u00e3o de acordo com a nossa interpreta\u00e7\u00e3o da legisla\u00e7\u00e3o em vigor. Tamb\u00e9m esperamos que cumpra com todas as leis e regras aplic\u00e1veis. O conte\u00fado deste site est\u00e1 integralmente protegido por lei e n\u00e3o pode ser usado por terceiros sem o nosso consentimento expresso.<\/p><h2>Dados pessoais<\/h2><p>Todos os dados pessoais que lhe solicitamos s\u00e3o os estritamente necess\u00e1rios para lhe prestar os diferentes servi\u00e7os que nos solicita. Cumprimos o enquadramento legal em vigor relativo \u00e0 prote\u00e7\u00e3o de dados, incluindo o novo RGPD (Regulamento Geral de Prote\u00e7\u00e3o de Dados \u2013 Regulamento EU 2016\/679).<\/p><p>Em circunst\u00e2ncia alguma transmitimos os dados pessoais recolhidos a terceiros para finalidades comerciais ou de marketing.<\/p><p>S\u00e3o as seguintes as finalidades para que lhe solicitamos dados pessoais:<\/p><ul><li>Transa\u00e7\u00f5es: recolhemos, via plataformas de pagamento identificadas, os dados necess\u00e1rios ao processamento das transa\u00e7\u00f5es e emiss\u00e3o dos respetivos documentos contabil\u00edsticos.<\/li><\/ul><h2>Direito de acesso aos dados pessoais<\/h2><p>O acesso aos seus dados pessoais, est\u00e1 sempre garantido, seja para a sua elimina\u00e7\u00e3o seja para sua corre\u00e7\u00e3o ou atualiza\u00e7\u00e3o. Basta que nos envie um email para <a href=\"mailto:info@quintasmvca.com\">info@quintasmvca.com<\/a><\/p><p>Seremos o mais breves poss\u00edvel e nunca ultrapassaremos os 5 dias \u00fateis a implementar as suas instru\u00e7\u00f5es.<\/p><h2>Cookies e dados estat\u00edsticos<\/h2><p>Este site utiliza cookies. Os cookies que recolhemos ajudam a melhorar e simplificar a experi\u00eancia do utilizador no site e dirigir a nossa atividade de marketing.<\/p><p>Pode, atrav\u00e9s do seu browser, eliminar os cookies gerados ou impedir a sua gera\u00e7\u00e3o.<\/p><p>Tamb\u00e9m recolhemos cookies de terceiros (ex: Google Analytics). Estes cookies d\u00e3o-nos medidas estat\u00edsticas, mas n\u00e3o s\u00e3o personalizados, ou seja, n\u00e3o s\u00e3o associados a um utilizador em concreto.<\/p><h2>Contacts<\/h2><p>Para mais informa\u00e7\u00f5es, esclarecimento de d\u00favidas ou sugest\u00f5es n\u00e3o hesite em nos contactar para <a href=\"mailto:info@quintasmvca.com\">info@quintasmvca.com<\/a> ou de qualquer outra forma dispon\u00edvel no site.<\/p>\t\t\t\t\t\t\t\t<\/div>\n\t\t\t\t<\/div>\n\t\t\t\t\t<\/div>\n\t\t<\/div>\n\t\t\t\t\t<\/div>\n\t\t<\/section>\n\t\t\t\t<\/div>","protected":false},"excerpt":{"rendered":"<p>Por favor, leia atentamente os termos e condi\u00e7\u00f5es que regulam este site no que diz respeito a privacidade e gest\u00e3o de dados pessoais. Se houver algum aspeto que lhe levante&hellip;<\/p>","protected":false},"author":2,"featured_media":0,"parent":0,"menu_order":0,"comment_status":"closed","ping_status":"closed","template":"","meta":{"footnotes":""},"class_list":["post-19760","page","type-page","status-publish","hentry"],"aioseo_notices":[],"_links":{"self":[{"href":"https:\/\/quintasmvca.com\/en\/wp-json\/wp\/v2\/pages\/19760","targetHints":{"allow":["GET"]}}],"collection":[{"href":"https:\/\/quintasmvca.com\/en\/wp-json\/wp\/v2\/pages"}],"about":[{"href":"https:\/\/quintasmvca.com\/en\/wp-json\/wp\/v2\/types\/page"}],"author":[{"embeddable":true,"href":"https:\/\/quintasmvca.com\/en\/wp-json\/wp\/v2\/users\/2"}],"replies":[{"embeddable":true,"href":"https:\/\/quintasmvca.com\/en\/wp-json\/wp\/v2\/comments?post=19760"}],"version-history":[{"count":7,"href":"https:\/\/quintasmvca.com\/en\/wp-json\/wp\/v2\/pages\/19760\/revisions"}],"predecessor-version":[{"id":19947,"href":"https:\/\/quintasmvca.com\/en\/wp-json\/wp\/v2\/pages\/19760\/revisions\/19947"}],"wp:attachment":[{"href":"https:\/\/quintasmvca.com\/en\/wp-json\/wp\/v2\/media?parent=19760"}],"curies":[{"name":"wp","href":"https:\/\/api.w.org\/{rel}","templated":true}]}}